{"id":46,"date":"2009-04-02T16:41:25","date_gmt":"2009-04-02T15:41:25","guid":{"rendered":"http:\/\/www.ra-fuesslein.de\/wordpress\/startseite\/?page_id=46"},"modified":"2018-05-24T10:27:31","modified_gmt":"2018-05-24T09:27:31","slug":"impressum-2","status":"publish","type":"page","link":"http:\/\/www.ra-fuesslein.de\/wordpress\/?page_id=46","title":{"rendered":"Impressum"},"content":{"rendered":"<p>Pflichtangaben nach  ? 5 Telemediengesetz und DL-InfoV :<br \/>\nDiensteanbieter: Kay F?\u00dflein<br \/>\nKontakt:Rechtsanwalt Kay F?\u00dflein, Scharnweberstra\u00dfe 20 10247 Berlin<br \/>\nHomepage: <a href=\"http:\/\/www.ra-fuesslein.de\">Rechtsanwalt Kay F?\u00dflein www.ra-fuesslein.de<\/a><br \/>\nkontakt @ ra-fuesslein.de<br \/>\nTel.: 030 \/2938 1057<br \/>\nFax: 030 \/ 2938 1059<\/p>\n<p><strong><a href=\"http:\/\/www.ra-fuesslein.de\/styled-3\/index.html\" target=\"_blank\" rel=\"noopener\">Datenschutzerkl?rung ?<\/a><\/strong><\/p>\n<p>&nbsp;<\/p>\n<p>Umsatzsteueridentifikationsnummer: DE 2664802497<br \/>\nZust?ndige Aufsichtsbeh?rde: Rechtsanwaltskammer Berlin Littenstra\u00dfe 9\u202810179 Berlin Telefon: 030 \/ 30 69 31 0 Telefax: 030 \/ 30 69 31 99 E-Mail: info@rak-berlin.de <a href=\"http:\/\/www.rak-berlin.de\">http:\/\/www.rak-berlin.de<\/a><br \/>\nIch bin Mitglied der Rechtsanwaltskammer Berlin. Meine gesetzliche Berufsbezeichnung lautet \u201eRechtsanwalt\u201c. Sie wurde mir in der Bundesrepublik Deutschland verliehen.<br \/>\nBerufsrechtliche Regelungen: Bundesrechtsanwaltsordnung (BRAO), Berufsordnung f?r Rechtsanw?lte (BORA), Fachanwaltsordnung (FAO), Gesetz ?ber die Verg?tung der Rechtsanw?ltinnen und Rechtsanw?lte (RVG), Berufsregeln der Rechtsanw?lte der Europ?ischen Gemeinschaft, Gesetz ?ber die T?tigkeit europ?ischer Rechtsanw?lte in Deutschland (EuRAG), Anordnung der Bundesrechtsanwaltskammer nach  ? 14 Abs. 4 Satz 2 GwG. Diese Regelungen sind zug?nglich auf den Seiten der Bundesrechtsanwaltskammer, die Sie ?ber <a href=\"http:\/\/www.brak.de\/seiten\/06.php\">diesen Link<\/a> erreichen.<\/p>\n<p>Haftpflichtversicherung: r+v Allgemeine Versicherung AG<br \/>\nTaunusstra\u00dfe 1 65193 Wiesbaden<br \/>\nR?umlicher Geltungsbereich: Deutschland<br \/>\nRechtsanw?ltinnen und Rechtsanw?lte sind aufgrund der<br \/>\nBundesrechtsanwaltsordnung verpflichtet, eine Berufshaftpflichtversicherung<br \/>\nmit einer Mindestversicherungssumme<br \/>\nvon 250.000 Euro zu unterhalten. Die Einzelheiten<br \/>\nergeben sich aus  ? 51 BRAO.<\/p>\n<p>Au\u00dfergerichtliche Streitschlichtung: Bei Streitigkeiten zwischen Rechtsanw?lten und ihren Auftraggebern besteht auf Antrag die M?glichkeit der au\u00dfergerichtlichen Streitschlichtung bei der regionalen Rechtsanwaltskammer Berlin (gem?\u00df  ? 73 Abs. 2 Nr. 3 i.V.m.  ? 73 Abs. 5 BRAO) oder bei der Schlichtungsstelle der Rechtsanwaltschaft ( ? 191f BRAO) bei der Bundesrechtsanwaltskammer, im Internet zu finden ?ber die Homepage der Bundesrechtsanwaltskammer (www.brak.de), E\u2010Mail: schlichtungsstelle@brak.de.<\/p>\n<p><a href=\"http:\/\/yellowikis.wikia.com\/wiki\/Rechtsanwalt_Kay_F?\u00dflein\"><br \/>\nYellowikis<\/a><\/p>\n","protected":false},"excerpt":{"rendered":"<p>Pflichtangaben nach ? 5 Telemediengesetz und DL-InfoV : Diensteanbieter: Kay F?\u00dflein Kontakt:Rechtsanwalt Kay F?\u00dflein, Scharnweberstra\u00dfe 20 10247 Berlin Homepage: Rechtsanwalt Kay F?\u00dflein www.ra-fuesslein.de kontakt @ ra-fuesslein.de Tel.: 030 \/2938 1057 Fax: 030 \/ 2938 1059 Datenschutzerkl?rung ? &nbsp; Umsatzsteueridentifikationsnummer: DE 2664802497 Zust?ndige Aufsichtsbeh?rde: Rechtsanwaltskammer Berlin Littenstra\u00dfe 9\u202810179 Berlin Telefon: 030 \/ 30 69 31 0 &hellip; <a href=\"http:\/\/www.ra-fuesslein.de\/wordpress\/?page_id=46\" class=\"more-link\"><span class=\"screen-reader-text\">Impressum<\/span> weiterlesen<\/a><\/p>\n","protected":false},"author":1,"featured_media":0,"parent":0,"menu_order":0,"comment_status":"open","ping_status":"open","template":"","meta":{"_mi_skip_tracking":false,"footnotes":""},"class_list":["post-46","page","type-page","status-publish","hentry"],"aioseo_notices":[],"_links":{"self":[{"href":"http:\/\/www.ra-fuesslein.de\/wordpress\/index.php?rest_route=\/wp\/v2\/pages\/46","targetHints":{"allow":["GET"]}}],"collection":[{"href":"http:\/\/www.ra-fuesslein.de\/wordpress\/index.php?rest_route=\/wp\/v2\/pages"}],"about":[{"href":"http:\/\/www.ra-fuesslein.de\/wordpress\/index.php?rest_route=\/wp\/v2\/types\/page"}],"author":[{"embeddable":true,"href":"http:\/\/www.ra-fuesslein.de\/wordpress\/index.php?rest_route=\/wp\/v2\/users\/1"}],"replies":[{"embeddable":true,"href":"http:\/\/www.ra-fuesslein.de\/wordpress\/index.php?rest_route=%2Fwp%2Fv2%2Fcomments&post=46"}],"version-history":[{"count":17,"href":"http:\/\/www.ra-fuesslein.de\/wordpress\/index.php?rest_route=\/wp\/v2\/pages\/46\/revisions"}],"predecessor-version":[{"id":916,"href":"http:\/\/www.ra-fuesslein.de\/wordpress\/index.php?rest_route=\/wp\/v2\/pages\/46\/revisions\/916"}],"wp:attachment":[{"href":"http:\/\/www.ra-fuesslein.de\/wordpress\/index.php?rest_route=%2Fwp%2Fv2%2Fmedia&parent=46"}],"curies":[{"name":"wp","href":"https:\/\/api.w.org\/{rel}","templated":true}]}}